{"id":23,"date":"2025-03-14T16:16:51","date_gmt":"2025-03-14T15:16:51","guid":{"rendered":"https:\/\/drcsalabarbara.com\/?page_id=23"},"modified":"2025-09-02T22:57:32","modified_gmt":"2025-09-02T20:57:32","slug":"contact","status":"publish","type":"page","link":"https:\/\/drcsalabarbara.com\/en\/kapcsolat\/","title":{"rendered":"Contact"},"content":{"rendered":"\t\t<div data-elementor-type=\"wp-page\" data-elementor-id=\"23\" class=\"elementor elementor-23\" data-elementor-post-type=\"page\">\n\t\t\t\t<div class=\"elementor-element elementor-element-62f702d e-flex e-con-boxed e-con e-parent\" data-id=\"62f702d\" data-element_type=\"container\" data-e-type=\"container\" data-settings=\"{&quot;background_background&quot;:&quot;classic&quot;}\">\n\t\t\t\t\t<div class=\"e-con-inner\">\n\t\t<div class=\"elementor-element elementor-element-988fcb9 e-con-full e-flex e-con e-child\" data-id=\"988fcb9\" data-element_type=\"container\" data-e-type=\"container\">\n\t\t\t\t<div class=\"elementor-element elementor-element-2a80620 elementor-invisible elementor-widget elementor-widget-heading\" data-id=\"2a80620\" data-element_type=\"widget\" data-e-type=\"widget\" data-settings=\"{&quot;_animation&quot;:&quot;fadeInUp&quot;}\" data-widget_type=\"heading.default\">\n\t\t\t\t<div class=\"elementor-widget-container\">\n\t\t\t\t\t<h1 class=\"elementor-heading-title elementor-size-default\">El\u00e9rhet\u0151s\u00e9geim<\/h1>\t\t\t\t<\/div>\n\t\t\t\t<\/div>\n\t\t\t\t<div class=\"elementor-element elementor-element-10c6dea elementor-widget elementor-widget-text-editor\" data-id=\"10c6dea\" data-element_type=\"widget\" data-e-type=\"widget\" data-widget_type=\"text-editor.default\">\n\t\t\t\t<div class=\"elementor-widget-container\">\n\t\t\t\t\t\t\t\t\t<p>Ha jelentkezn\u00e9l online konzult\u00e1ci\u00f3ra, vagy \u00e9rdekl\u0151dn\u00e9l m\u00e1s lehet\u0151s\u00e9gekr\u0151l, v\u00e1rom szeretettel az e-mailed:<\/p>\t\t\t\t\t\t\t\t<\/div>\n\t\t\t\t<\/div>\n\t\t\t\t<div class=\"elementor-element elementor-element-36d78e9 elementor-icon-list--layout-traditional elementor-list-item-link-full_width elementor-widget elementor-widget-icon-list\" data-id=\"36d78e9\" data-element_type=\"widget\" data-e-type=\"widget\" data-widget_type=\"icon-list.default\">\n\t\t\t\t<div class=\"elementor-widget-container\">\n\t\t\t\t\t\t\t<ul class=\"elementor-icon-list-items\">\n\t\t\t\t\t\t\t<li class=\"elementor-icon-list-item\">\n\t\t\t\t\t\t\t\t\t\t\t<span class=\"elementor-icon-list-icon\">\n\t\t\t\t\t\t\t<svg aria-hidden=\"true\" class=\"e-font-icon-svg e-far-envelope\" viewBox=\"0 0 512 512\" xmlns=\"http:\/\/www.w3.org\/2000\/svg\"><path d=\"M464 64H48C21.49 64 0 85.49 0 112v288c0 26.51 21.49 48 48 48h416c26.51 0 48-21.49 48-48V112c0-26.51-21.49-48-48-48zm0 48v40.805c-22.422 18.259-58.168 46.651-134.587 106.49-16.841 13.247-50.201 45.072-73.413 44.701-23.208.375-56.579-31.459-73.413-44.701C106.18 199.465 70.425 171.067 48 152.805V112h416zM48 400V214.398c22.914 18.251 55.409 43.862 104.938 82.646 21.857 17.205 60.134 55.186 103.062 54.955 42.717.231 80.509-37.199 103.053-54.947 49.528-38.783 82.032-64.401 104.947-82.653V400H48z\"><\/path><\/svg>\t\t\t\t\t\t<\/span>\n\t\t\t\t\t\t\t\t\t\t<span class=\"elementor-icon-list-text\">barbaracsala9@gmail.com<\/span>\n\t\t\t\t\t\t\t\t\t<\/li>\n\t\t\t\t\t\t<\/ul>\n\t\t\t\t\t\t<\/div>\n\t\t\t\t<\/div>\n\t\t\t\t<div class=\"elementor-element elementor-element-6ea2e71 elementor-widget-divider--view-line elementor-widget elementor-widget-divider\" data-id=\"6ea2e71\" data-element_type=\"widget\" data-e-type=\"widget\" data-widget_type=\"divider.default\">\n\t\t\t\t<div class=\"elementor-widget-container\">\n\t\t\t\t\t\t\t<div class=\"elementor-divider\">\n\t\t\t<span class=\"elementor-divider-separator\">\n\t\t\t\t\t\t<\/span>\n\t\t<\/div>\n\t\t\t\t\t\t<\/div>\n\t\t\t\t<\/div>\n\t\t\t\t<div class=\"elementor-element elementor-element-eaf2dd4 elementor-widget elementor-widget-text-editor\" data-id=\"eaf2dd4\" data-element_type=\"widget\" data-e-type=\"widget\" data-widget_type=\"text-editor.default\">\n\t\t\t\t<div class=\"elementor-widget-container\">\n\t\t\t\t\t\t\t\t\t<p>Mivel sokat vagyok k\u00fclf\u00f6ld\u00f6n, telefonon nem mindig \u00e9rsz el, de ha m\u00e9gis sz\u00fcks\u00e9ged lenne r\u00e1:<\/p>\t\t\t\t\t\t\t\t<\/div>\n\t\t\t\t<\/div>\n\t\t\t\t<div class=\"elementor-element elementor-element-ddcac4f elementor-icon-list--layout-traditional elementor-list-item-link-full_width elementor-widget elementor-widget-icon-list\" data-id=\"ddcac4f\" data-element_type=\"widget\" data-e-type=\"widget\" data-widget_type=\"icon-list.default\">\n\t\t\t\t<div class=\"elementor-widget-container\">\n\t\t\t\t\t\t\t<ul class=\"elementor-icon-list-items\">\n\t\t\t\t\t\t\t<li class=\"elementor-icon-list-item\">\n\t\t\t\t\t\t\t\t\t\t\t<span class=\"elementor-icon-list-icon\">\n\t\t\t\t\t\t\t<svg aria-hidden=\"true\" class=\"e-font-icon-svg e-fas-phone-alt\" viewBox=\"0 0 512 512\" xmlns=\"http:\/\/www.w3.org\/2000\/svg\"><path d=\"M497.39 361.8l-112-48a24 24 0 0 0-28 6.9l-49.6 60.6A370.66 370.66 0 0 1 130.6 204.11l60.6-49.6a23.94 23.94 0 0 0 6.9-28l-48-112A24.16 24.16 0 0 0 122.6.61l-104 24A24 24 0 0 0 0 48c0 256.5 207.9 464 464 464a24 24 0 0 0 23.4-18.6l24-104a24.29 24.29 0 0 0-14.01-27.6z\"><\/path><\/svg>\t\t\t\t\t\t<\/span>\n\t\t\t\t\t\t\t\t\t\t<span class=\"elementor-icon-list-text\">+36 70 372 9236<\/span>\n\t\t\t\t\t\t\t\t\t<\/li>\n\t\t\t\t\t\t<\/ul>\n\t\t\t\t\t\t<\/div>\n\t\t\t\t<\/div>\n\t\t\t\t<div class=\"elementor-element elementor-element-8170f13 elementor-widget-divider--view-line elementor-widget elementor-widget-divider\" data-id=\"8170f13\" data-element_type=\"widget\" data-e-type=\"widget\" data-widget_type=\"divider.default\">\n\t\t\t\t<div class=\"elementor-widget-container\">\n\t\t\t\t\t\t\t<div class=\"elementor-divider\">\n\t\t\t<span class=\"elementor-divider-separator\">\n\t\t\t\t\t\t<\/span>\n\t\t<\/div>\n\t\t\t\t\t\t<\/div>\n\t\t\t\t<\/div>\n\t\t\t\t<div class=\"elementor-element elementor-element-05c6a76 elementor-widget elementor-widget-text-editor\" data-id=\"05c6a76\" data-element_type=\"widget\" data-e-type=\"widget\" data-widget_type=\"text-editor.default\">\n\t\t\t\t<div class=\"elementor-widget-container\">\n\t\t\t\t\t\t\t\t\t<p>Tal\u00e1lkoz\u00e1sok helysz\u00edne:<\/p>\t\t\t\t\t\t\t\t<\/div>\n\t\t\t\t<\/div>\n\t\t\t\t<div class=\"elementor-element elementor-element-676cb85 elementor-icon-list--layout-traditional elementor-list-item-link-full_width elementor-widget elementor-widget-icon-list\" data-id=\"676cb85\" data-element_type=\"widget\" data-e-type=\"widget\" data-widget_type=\"icon-list.default\">\n\t\t\t\t<div class=\"elementor-widget-container\">\n\t\t\t\t\t\t\t<ul class=\"elementor-icon-list-items\">\n\t\t\t\t\t\t\t<li class=\"elementor-icon-list-item\">\n\t\t\t\t\t\t\t\t\t\t\t<span class=\"elementor-icon-list-icon\">\n\t\t\t\t\t\t\t<svg aria-hidden=\"true\" class=\"e-font-icon-svg e-fas-globe\" viewBox=\"0 0 496 512\" xmlns=\"http:\/\/www.w3.org\/2000\/svg\"><path d=\"M336.5 160C322 70.7 287.8 8 248 8s-74 62.7-88.5 152h177zM152 256c0 22.2 1.2 43.5 3.3 64h185.3c2.1-20.5 3.3-41.8 3.3-64s-1.2-43.5-3.3-64H155.3c-2.1 20.5-3.3 41.8-3.3 64zm324.7-96c-28.6-67.9-86.5-120.4-158-141.6 24.4 33.8 41.2 84.7 50 141.6h108zM177.2 18.4C105.8 39.6 47.8 92.1 19.3 160h108c8.7-56.9 25.5-107.8 49.9-141.6zM487.4 192H372.7c2.1 21 3.3 42.5 3.3 64s-1.2 43-3.3 64h114.6c5.5-20.5 8.6-41.8 8.6-64s-3.1-43.5-8.5-64zM120 256c0-21.5 1.2-43 3.3-64H8.6C3.2 212.5 0 233.8 0 256s3.2 43.5 8.6 64h114.6c-2-21-3.2-42.5-3.2-64zm39.5 96c14.5 89.3 48.7 152 88.5 152s74-62.7 88.5-152h-177zm159.3 141.6c71.4-21.2 129.4-73.7 158-141.6h-108c-8.8 56.9-25.6 107.8-50 141.6zM19.3 352c28.6 67.9 86.5 120.4 158 141.6-24.4-33.8-41.2-84.7-50-141.6h-108z\"><\/path><\/svg>\t\t\t\t\t\t<\/span>\n\t\t\t\t\t\t\t\t\t\t<span class=\"elementor-icon-list-text\">Online \u2013 Google meet<\/span>\n\t\t\t\t\t\t\t\t\t<\/li>\n\t\t\t\t\t\t<\/ul>\n\t\t\t\t\t\t<\/div>\n\t\t\t\t<\/div>\n\t\t\t\t<div class=\"elementor-element elementor-element-984dcbf elementor-widget-divider--view-line elementor-widget elementor-widget-divider\" data-id=\"984dcbf\" data-element_type=\"widget\" data-e-type=\"widget\" data-widget_type=\"divider.default\">\n\t\t\t\t<div class=\"elementor-widget-container\">\n\t\t\t\t\t\t\t<div class=\"elementor-divider\">\n\t\t\t<span class=\"elementor-divider-separator\">\n\t\t\t\t\t\t<\/span>\n\t\t<\/div>\n\t\t\t\t\t\t<\/div>\n\t\t\t\t<\/div>\n\t\t\t\t<div class=\"elementor-element elementor-element-33b5227 elementor-widget elementor-widget-text-editor\" data-id=\"33b5227\" data-element_type=\"widget\" data-e-type=\"widget\" data-widget_type=\"text-editor.default\">\n\t\t\t\t<div class=\"elementor-widget-container\">\n\t\t\t\t\t\t\t\t\t<p>Hosszabb otthonl\u00e9teim alatt a 11. ker\u00fcletben, az EJTK rendel\u0151ben is dolgozom:<\/p>\t\t\t\t\t\t\t\t<\/div>\n\t\t\t\t<\/div>\n\t\t\t\t<div class=\"elementor-element elementor-element-acf7583 elementor-icon-list--layout-traditional elementor-list-item-link-full_width elementor-widget elementor-widget-icon-list\" data-id=\"acf7583\" data-element_type=\"widget\" data-e-type=\"widget\" data-widget_type=\"icon-list.default\">\n\t\t\t\t<div class=\"elementor-widget-container\">\n\t\t\t\t\t\t\t<ul class=\"elementor-icon-list-items\">\n\t\t\t\t\t\t\t<li class=\"elementor-icon-list-item\">\n\t\t\t\t\t\t\t\t\t\t\t<span class=\"elementor-icon-list-icon\">\n\t\t\t\t\t\t\t<svg aria-hidden=\"true\" class=\"e-font-icon-svg e-fas-map-marker-alt\" viewBox=\"0 0 384 512\" xmlns=\"http:\/\/www.w3.org\/2000\/svg\"><path d=\"M172.268 501.67C26.97 291.031 0 269.413 0 192 0 85.961 85.961 0 192 0s192 85.961 192 192c0 77.413-26.97 99.031-172.268 309.67-9.535 13.774-29.93 13.773-39.464 0zM192 272c44.183 0 80-35.817 80-80s-35.817-80-80-80-80 35.817-80 80 35.817 80 80 80z\"><\/path><\/svg>\t\t\t\t\t\t<\/span>\n\t\t\t\t\t\t\t\t\t\t<span class=\"elementor-icon-list-text\">1111 Budapest, Egry J\u00f3zsef u. 19. FSZ. 5.<\/span>\n\t\t\t\t\t\t\t\t\t<\/li>\n\t\t\t\t\t\t<\/ul>\n\t\t\t\t\t\t<\/div>\n\t\t\t\t<\/div>\n\t\t\t\t<\/div>\n\t\t<div class=\"elementor-element elementor-element-352d4f0 e-con-full e-flex e-con e-child\" data-id=\"352d4f0\" data-element_type=\"container\" data-e-type=\"container\">\n\t\t\t\t<div class=\"elementor-element elementor-element-c98116d elementor-invisible elementor-widget elementor-widget-image\" data-id=\"c98116d\" data-element_type=\"widget\" data-e-type=\"widget\" data-settings=\"{&quot;_animation&quot;:&quot;fadeIn&quot;}\" data-widget_type=\"image.default\">\n\t\t\t\t<div class=\"elementor-widget-container\">\n\t\t\t\t\t\t\t\t\t\t\t\t\t\t\t<img fetchpriority=\"high\" decoding=\"async\" width=\"1024\" height=\"1506\" src=\"https:\/\/drcsalabarbara.com\/wp-content\/uploads\/2025\/03\/Barbi-02.jpg\" class=\"attachment-full size-full wp-image-518\" alt=\"Dr. Csala Barbara pszichol\u00f3gus\" srcset=\"https:\/\/drcsalabarbara.com\/wp-content\/uploads\/2025\/03\/Barbi-02.jpg 1024w, https:\/\/drcsalabarbara.com\/wp-content\/uploads\/2025\/03\/Barbi-02-476x700.jpg 476w, https:\/\/drcsalabarbara.com\/wp-content\/uploads\/2025\/03\/Barbi-02-696x1024.jpg 696w, https:\/\/drcsalabarbara.com\/wp-content\/uploads\/2025\/03\/Barbi-02-768x1130.jpg 768w\" sizes=\"(max-width: 1024px) 100vw, 1024px\" \/>\t\t\t\t\t\t\t\t\t\t\t\t\t\t\t<\/div>\n\t\t\t\t<\/div>\n\t\t\t\t<\/div>\n\t\t\t\t\t<\/div>\n\t\t\t\t<\/div>\n\t\t<div class=\"elementor-element elementor-element-ef8b5c4 e-flex e-con-boxed e-con e-parent\" data-id=\"ef8b5c4\" data-element_type=\"container\" data-e-type=\"container\" data-settings=\"{&quot;background_background&quot;:&quot;classic&quot;}\">\n\t\t\t\t\t<div class=\"e-con-inner\">\n\t\t\t\t<div class=\"elementor-element elementor-element-569c589 elementor-invisible elementor-widget elementor-widget-heading\" data-id=\"569c589\" data-element_type=\"widget\" data-e-type=\"widget\" data-settings=\"{&quot;_animation&quot;:&quot;fadeIn&quot;}\" data-widget_type=\"heading.default\">\n\t\t\t\t<div class=\"elementor-widget-container\">\n\t\t\t\t\t<h2 class=\"elementor-heading-title elementor-size-default\">Ha \u00e9rdekelnek j\u00f6v\u0151beli programjaim - el\u0151ad\u00e1s, workshop, kurzus - ak\u00e1r a pszichol\u00f3gia, ak\u00e1r a j\u00f3ga \u00e9s spiritualit\u00e1s ter\u00e9n, iratkozz fel a h\u00edrlevelemre.<\/h2>\t\t\t\t<\/div>\n\t\t\t\t<\/div>\n\t\t\t\t<div class=\"elementor-element elementor-element-ff96e2b elementor-widget__width-initial elementor-button-align-center elementor-widget elementor-widget-form\" data-id=\"ff96e2b\" data-element_type=\"widget\" data-e-type=\"widget\" data-settings=\"{&quot;step_next_label&quot;:&quot;K\\u00f6vetkez\\u0151&quot;,&quot;step_previous_label&quot;:&quot;El\\u0151z\\u0151&quot;,&quot;step_type&quot;:&quot;number_text&quot;,&quot;step_icon_shape&quot;:&quot;circle&quot;}\" data-no-translation=\"\" data-widget_type=\"form.default\">\n\t\t\t\t<div class=\"elementor-widget-container\">\n\t\t\t\t\t<style>.elementor-element-ff96e2b{display:none !important}<\/style>\t\t\t\t<\/div>\n\t\t\t\t<\/div>\n\t\t\t\t<div class=\"elementor-element elementor-element-11c4cdd elementor-widget__width-initial elementor-button-align-center elementor-widget elementor-widget-form\" data-id=\"11c4cdd\" data-element_type=\"widget\" data-e-type=\"widget\" data-settings=\"{&quot;step_next_label&quot;:&quot;K\\u00f6vetkez\\u0151&quot;,&quot;step_previous_label&quot;:&quot;El\\u0151z\\u0151&quot;,&quot;step_type&quot;:&quot;number_text&quot;,&quot;step_icon_shape&quot;:&quot;circle&quot;}\" data-no-translation=\"\" data-widget_type=\"form.default\">\n\t\t\t\t<div class=\"elementor-widget-container\">\n\t\t\t\t\t\t\t<form class=\"elementor-form\" method=\"post\" name=\"Newsletter\" aria-label=\"Newsletter\">\n\t\t\t<input type=\"hidden\" name=\"post_id\" value=\"23\"\/>\n\t\t\t<input type=\"hidden\" name=\"form_id\" value=\"11c4cdd\"\/>\n\t\t\t<input type=\"hidden\" name=\"referer_title\" value=\"Dr. Csala Barbara\" \/>\n\n\t\t\t\n\t\t\t<div class=\"elementor-form-fields-wrapper elementor-labels-\">\n\t\t\t\t\t\t\t\t<div class=\"elementor-field-type-text elementor-field-group elementor-column elementor-field-group-name elementor-col-50 elementor-field-required\">\n\t\t\t\t\t\t\t\t\t\t\t\t<label for=\"form-field-name\" class=\"elementor-field-label elementor-screen-only\">\n\t\t\t\t\t\t\t\tFirst name\t\t\t\t\t\t\t<\/label>\n\t\t\t\t\t\t\t\t\t\t\t\t\t\t<input size=\"1\" type=\"text\" name=\"form_fields[name]\" id=\"form-field-name\" class=\"elementor-field elementor-size-sm  elementor-field-textual\" placeholder=\"First name\" required=\"required\">\n\t\t\t\t\t\t\t\t\t\t\t<\/div>\n\t\t\t\t\t\t\t\t<div class=\"elementor-field-type-email elementor-field-group elementor-column elementor-field-group-email elementor-col-50 elementor-field-required\">\n\t\t\t\t\t\t\t\t\t\t\t\t<label for=\"form-field-email\" class=\"elementor-field-label elementor-screen-only\">\n\t\t\t\t\t\t\t\tE-mail address\t\t\t\t\t\t\t<\/label>\n\t\t\t\t\t\t\t\t\t\t\t\t\t\t<input size=\"1\" type=\"email\" name=\"form_fields[email]\" id=\"form-field-email\" class=\"elementor-field elementor-size-sm  elementor-field-textual\" placeholder=\"E-mail address\" required=\"required\">\n\t\t\t\t\t\t\t\t\t\t\t<\/div>\n\t\t\t\t\t\t\t\t<div class=\"elementor-field-type-acceptance elementor-field-group elementor-column elementor-field-group-gdpr elementor-col-100 elementor-field-required\">\n\t\t\t\t\t\t\t\t\t\t\t\t<label for=\"form-field-gdpr\" class=\"elementor-field-label elementor-screen-only\">\n\t\t\t\t\t\t\t\tGDPR\t\t\t\t\t\t\t<\/label>\n\t\t\t\t\t\t\t\t<div class=\"elementor-field-subgroup\">\n\t\t\t<span class=\"elementor-field-option\">\n\t\t\t\t<input type=\"checkbox\" name=\"form_fields[gdpr]\" id=\"form-field-gdpr\" class=\"elementor-field elementor-size-sm  elementor-acceptance-field\" required=\"required\">\n\t\t\t\t<label for=\"form-field-gdpr\">I have read and I accept the <a href=\"https:\/\/drcsalabarbara.com\/wp-content\/uploads\/2025\/09\/Privacy-Policy-Dr.-Csala-Barbara-2025-08-25.pdf \"target=\"blank\">Privacy Policy.<\/a> I consent to the processing of my personal data for the purpose of contact and newsletter distribution.<\/label>\t\t\t<\/span>\n\t\t<\/div>\n\t\t\t\t\t\t<\/div>\n\t\t\t\t\t\t\t\t<div class=\"elementor-field-group elementor-column elementor-field-type-submit elementor-col-100 e-form__buttons\">\n\t\t\t\t\t<button class=\"elementor-button elementor-size-sm\" type=\"submit\">\n\t\t\t\t\t\t<span class=\"elementor-button-content-wrapper\">\n\t\t\t\t\t\t\t\t\t\t\t\t\t\t\t\t\t\t\t\t\t\t<span class=\"elementor-button-text\">Subscribe<\/span>\n\t\t\t\t\t\t\t\t\t\t\t\t\t<\/span>\n\t\t\t\t\t<\/button>\n\t\t\t\t<\/div>\n\t\t\t<\/div>\n\t\t<\/form>\n\t\t\t\t\t\t<\/div>\n\t\t\t\t<\/div>\n\t\t\t\t\t<\/div>\n\t\t\t\t<\/div>\n\t\t\t\t<\/div>\n\t\t","protected":false},"excerpt":{"rendered":"<p>El\u00e9rhet\u0151s\u00e9geim Ha jelentkezn\u00e9l online konzult\u00e1ci\u00f3ra, vagy \u00e9rdekl\u0151dn\u00e9l m\u00e1s lehet\u0151s\u00e9gekr\u0151l, v\u00e1rom szeretettel az e-mailed: barbaracsala9@gmail.com Mivel sokat vagyok k\u00fclf\u00f6ld\u00f6n, telefonon nem mindig \u00e9rsz el, de ha m\u00e9gis sz\u00fcks\u00e9ged lenne r\u00e1: +36 70 372 9236 Tal\u00e1lkoz\u00e1sok helysz\u00edne: Online \u2013 Google meet Hosszabb otthonl\u00e9teim alatt a 11. ker\u00fcletben, az EJTK rendel\u0151ben is dolgozom: 1111 Budapest, Egry J\u00f3zsef u. [&hellip;]<\/p>\n","protected":false},"author":2,"featured_media":0,"parent":0,"menu_order":10,"comment_status":"closed","ping_status":"closed","template":"","meta":{"footnotes":""},"class_list":["post-23","page","type-page","status-publish","hentry"],"yoast_head":"<!-- This site is optimized with the Yoast SEO plugin v27.5 - https:\/\/yoast.com\/product\/yoast-seo-wordpress\/ -->\n<title>Kapcsolat - Dr. Csala Barbara<\/title>\n<meta name=\"description\" content=\"Ha jelentkezn\u00e9l online pszichol\u00f3giai konzult\u00e1ci\u00f3ra, vagy \u00e9rdekl\u0151dn\u00e9l m\u00e1s lehet\u0151s\u00e9gekr\u0151l, v\u00e1rom szeretettel az e-mailed.\" \/>\n<meta name=\"robots\" content=\"index, follow, max-snippet:-1, max-image-preview:large, max-video-preview:-1\" \/>\n<link rel=\"canonical\" href=\"https:\/\/drcsalabarbara.com\/en\/contact\/\" \/>\n<meta property=\"og:locale\" content=\"en_GB\" \/>\n<meta property=\"og:type\" content=\"article\" \/>\n<meta property=\"og:title\" content=\"Kapcsolat - Dr. Csala Barbara\" \/>\n<meta property=\"og:description\" content=\"Ha jelentkezn\u00e9l online pszichol\u00f3giai konzult\u00e1ci\u00f3ra, vagy \u00e9rdekl\u0151dn\u00e9l m\u00e1s lehet\u0151s\u00e9gekr\u0151l, v\u00e1rom szeretettel az e-mailed.\" \/>\n<meta property=\"og:url\" content=\"https:\/\/drcsalabarbara.com\/en\/contact\/\" \/>\n<meta property=\"og:site_name\" content=\"Dr. Csala Barbara\" \/>\n<meta property=\"article:modified_time\" content=\"2025-09-02T20:57:32+00:00\" \/>\n<meta property=\"og:image\" content=\"https:\/\/drcsalabarbara.com\/wp-content\/uploads\/2025\/03\/Barbi-02.jpg\" \/>\n\t<meta property=\"og:image:width\" content=\"1024\" \/>\n\t<meta property=\"og:image:height\" content=\"1506\" \/>\n\t<meta property=\"og:image:type\" content=\"image\/jpeg\" \/>\n<meta name=\"twitter:card\" content=\"summary_large_image\" \/>\n<meta name=\"twitter:label1\" content=\"Estimated reading time\" \/>\n\t<meta name=\"twitter:data1\" content=\"1 minute\" \/>\n<script type=\"application\/ld+json\" class=\"yoast-schema-graph\">{\"@context\":\"https:\\\/\\\/schema.org\",\"@graph\":[{\"@type\":\"WebPage\",\"@id\":\"https:\\\/\\\/drcsalabarbara.com\\\/kapcsolat\\\/\",\"url\":\"https:\\\/\\\/drcsalabarbara.com\\\/kapcsolat\\\/\",\"name\":\"Kapcsolat - Dr. Csala Barbara\",\"isPartOf\":{\"@id\":\"https:\\\/\\\/drcsalabarbara.com\\\/#website\"},\"primaryImageOfPage\":{\"@id\":\"https:\\\/\\\/drcsalabarbara.com\\\/kapcsolat\\\/#primaryimage\"},\"image\":{\"@id\":\"https:\\\/\\\/drcsalabarbara.com\\\/kapcsolat\\\/#primaryimage\"},\"thumbnailUrl\":\"https:\\\/\\\/drcsalabarbara.com\\\/wp-content\\\/uploads\\\/2025\\\/03\\\/Barbi-02.jpg\",\"datePublished\":\"2025-03-14T15:16:51+00:00\",\"dateModified\":\"2025-09-02T20:57:32+00:00\",\"description\":\"Ha jelentkezn\u00e9l online pszichol\u00f3giai konzult\u00e1ci\u00f3ra, vagy \u00e9rdekl\u0151dn\u00e9l m\u00e1s lehet\u0151s\u00e9gekr\u0151l, v\u00e1rom szeretettel az e-mailed.\",\"breadcrumb\":{\"@id\":\"https:\\\/\\\/drcsalabarbara.com\\\/kapcsolat\\\/#breadcrumb\"},\"inLanguage\":\"en-GB\",\"potentialAction\":[{\"@type\":\"ReadAction\",\"target\":[\"https:\\\/\\\/drcsalabarbara.com\\\/kapcsolat\\\/\"]}]},{\"@type\":\"ImageObject\",\"inLanguage\":\"en-GB\",\"@id\":\"https:\\\/\\\/drcsalabarbara.com\\\/kapcsolat\\\/#primaryimage\",\"url\":\"https:\\\/\\\/drcsalabarbara.com\\\/wp-content\\\/uploads\\\/2025\\\/03\\\/Barbi-02.jpg\",\"contentUrl\":\"https:\\\/\\\/drcsalabarbara.com\\\/wp-content\\\/uploads\\\/2025\\\/03\\\/Barbi-02.jpg\"},{\"@type\":\"BreadcrumbList\",\"@id\":\"https:\\\/\\\/drcsalabarbara.com\\\/kapcsolat\\\/#breadcrumb\",\"itemListElement\":[{\"@type\":\"ListItem\",\"position\":1,\"name\":\"Kezd\u0151lap\",\"item\":\"https:\\\/\\\/drcsalabarbara.com\\\/\"},{\"@type\":\"ListItem\",\"position\":2,\"name\":\"Kapcsolat\"}]},{\"@type\":\"WebSite\",\"@id\":\"https:\\\/\\\/drcsalabarbara.com\\\/#website\",\"url\":\"https:\\\/\\\/drcsalabarbara.com\\\/\",\"name\":\"Dr. Csala Barbara\",\"description\":\"Pszichol\u00f3gia, j\u00f3ga, spiritualit\u00e1s egy helyen\",\"publisher\":{\"@id\":\"https:\\\/\\\/drcsalabarbara.com\\\/#organization\"},\"potentialAction\":[{\"@type\":\"SearchAction\",\"target\":{\"@type\":\"EntryPoint\",\"urlTemplate\":\"https:\\\/\\\/drcsalabarbara.com\\\/?s={search_term_string}\"},\"query-input\":{\"@type\":\"PropertyValueSpecification\",\"valueRequired\":true,\"valueName\":\"search_term_string\"}}],\"inLanguage\":\"en-GB\"},{\"@type\":\"Organization\",\"@id\":\"https:\\\/\\\/drcsalabarbara.com\\\/#organization\",\"name\":\"Dr. Csala Barbara\",\"url\":\"https:\\\/\\\/drcsalabarbara.com\\\/\",\"logo\":{\"@type\":\"ImageObject\",\"inLanguage\":\"en-GB\",\"@id\":\"https:\\\/\\\/drcsalabarbara.com\\\/#\\\/schema\\\/logo\\\/image\\\/\",\"url\":\"https:\\\/\\\/drcsalabarbara.com\\\/wp-content\\\/uploads\\\/2025\\\/03\\\/drcsalabarbara_logo_fekvo_HU.png\",\"contentUrl\":\"https:\\\/\\\/drcsalabarbara.com\\\/wp-content\\\/uploads\\\/2025\\\/03\\\/drcsalabarbara_logo_fekvo_HU.png\",\"width\":500,\"height\":120,\"caption\":\"Dr. Csala Barbara\"},\"image\":{\"@id\":\"https:\\\/\\\/drcsalabarbara.com\\\/#\\\/schema\\\/logo\\\/image\\\/\"}}]}<\/script>\n<!-- \/ Yoast SEO plugin. -->","yoast_head_json":{"title":"Contact - Dr. Barbara Csala","description":"If you would like to apply for an online consultation or inquire about other opportunities, feel free to email me.","robots":{"index":"index","follow":"follow","max-snippet":"max-snippet:-1","max-image-preview":"max-image-preview:large","max-video-preview":"max-video-preview:-1"},"canonical":"https:\/\/drcsalabarbara.com\/en\/contact\/","og_locale":"en_GB","og_type":"article","og_title":"Kapcsolat - Dr. Csala Barbara","og_description":"Ha jelentkezn\u00e9l online pszichol\u00f3giai konzult\u00e1ci\u00f3ra, vagy \u00e9rdekl\u0151dn\u00e9l m\u00e1s lehet\u0151s\u00e9gekr\u0151l, v\u00e1rom szeretettel az e-mailed.","og_url":"https:\/\/drcsalabarbara.com\/en\/contact\/","og_site_name":"Dr. Csala Barbara","article_modified_time":"2025-09-02T20:57:32+00:00","og_image":[{"width":1024,"height":1506,"url":"https:\/\/drcsalabarbara.com\/wp-content\/uploads\/2025\/03\/Barbi-02.jpg","type":"image\/jpeg"}],"twitter_card":"summary_large_image","twitter_misc":{"Estimated reading time":"1 minute"},"schema":{"@context":"https:\/\/schema.org","@graph":[{"@type":"WebPage","@id":"https:\/\/drcsalabarbara.com\/kapcsolat\/","url":"https:\/\/drcsalabarbara.com\/kapcsolat\/","name":"Contact - Dr. Barbara Csala","isPartOf":{"@id":"https:\/\/drcsalabarbara.com\/#website"},"primaryImageOfPage":{"@id":"https:\/\/drcsalabarbara.com\/kapcsolat\/#primaryimage"},"image":{"@id":"https:\/\/drcsalabarbara.com\/kapcsolat\/#primaryimage"},"thumbnailUrl":"https:\/\/drcsalabarbara.com\/wp-content\/uploads\/2025\/03\/Barbi-02.jpg","datePublished":"2025-03-14T15:16:51+00:00","dateModified":"2025-09-02T20:57:32+00:00","description":"If you would like to apply for an online consultation or inquire about other opportunities, feel free to email me.","breadcrumb":{"@id":"https:\/\/drcsalabarbara.com\/kapcsolat\/#breadcrumb"},"inLanguage":"en-GB","potentialAction":[{"@type":"ReadAction","target":["https:\/\/drcsalabarbara.com\/kapcsolat\/"]}]},{"@type":"ImageObject","inLanguage":"en-GB","@id":"https:\/\/drcsalabarbara.com\/kapcsolat\/#primaryimage","url":"https:\/\/drcsalabarbara.com\/wp-content\/uploads\/2025\/03\/Barbi-02.jpg","contentUrl":"https:\/\/drcsalabarbara.com\/wp-content\/uploads\/2025\/03\/Barbi-02.jpg"},{"@type":"BreadcrumbList","@id":"https:\/\/drcsalabarbara.com\/kapcsolat\/#breadcrumb","itemListElement":[{"@type":"ListItem","position":1,"name":"Kezd\u0151lap","item":"https:\/\/drcsalabarbara.com\/"},{"@type":"ListItem","position":2,"name":"Kapcsolat"}]},{"@type":"WebSite","@id":"https:\/\/drcsalabarbara.com\/#website","url":"https:\/\/drcsalabarbara.com\/","name":"Dr. Barbara Csala","description":"Psychology, Yoga, Spirituality in One Place","publisher":{"@id":"https:\/\/drcsalabarbara.com\/#organization"},"potentialAction":[{"@type":"SearchAction","target":{"@type":"EntryPoint","urlTemplate":"https:\/\/drcsalabarbara.com\/?s={search_term_string}"},"query-input":{"@type":"PropertyValueSpecification","valueRequired":true,"valueName":"search_term_string"}}],"inLanguage":"en-GB"},{"@type":"Organization","@id":"https:\/\/drcsalabarbara.com\/#organization","name":"Dr. Barbara Csala","url":"https:\/\/drcsalabarbara.com\/","logo":{"@type":"ImageObject","inLanguage":"en-GB","@id":"https:\/\/drcsalabarbara.com\/#\/schema\/logo\/image\/","url":"https:\/\/drcsalabarbara.com\/wp-content\/uploads\/2025\/03\/drcsalabarbara_logo_fekvo_HU.png","contentUrl":"https:\/\/drcsalabarbara.com\/wp-content\/uploads\/2025\/03\/drcsalabarbara_logo_fekvo_HU.png","width":500,"height":120,"caption":"Dr. Csala Barbara"},"image":{"@id":"https:\/\/drcsalabarbara.com\/#\/schema\/logo\/image\/"}}]}},"_links":{"self":[{"href":"https:\/\/drcsalabarbara.com\/en\/wp-json\/wp\/v2\/pages\/23","targetHints":{"allow":["GET"]}}],"collection":[{"href":"https:\/\/drcsalabarbara.com\/en\/wp-json\/wp\/v2\/pages"}],"about":[{"href":"https:\/\/drcsalabarbara.com\/en\/wp-json\/wp\/v2\/types\/page"}],"author":[{"embeddable":true,"href":"https:\/\/drcsalabarbara.com\/en\/wp-json\/wp\/v2\/users\/2"}],"replies":[{"embeddable":true,"href":"https:\/\/drcsalabarbara.com\/en\/wp-json\/wp\/v2\/comments?post=23"}],"version-history":[{"count":0,"href":"https:\/\/drcsalabarbara.com\/en\/wp-json\/wp\/v2\/pages\/23\/revisions"}],"wp:attachment":[{"href":"https:\/\/drcsalabarbara.com\/en\/wp-json\/wp\/v2\/media?parent=23"}],"curies":[{"name":"wp","href":"https:\/\/api.w.org\/{rel}","templated":true}]}}